{"id":831,"date":"2025-03-20T13:10:18","date_gmt":"2025-03-20T13:10:18","guid":{"rendered":"https:\/\/rztforge.com\/home\/"},"modified":"2025-05-07T16:20:38","modified_gmt":"2025-05-07T16:20:38","slug":"home","status":"publish","type":"page","link":"https:\/\/rztforge.com\/de\/","title":{"rendered":"Startseite"},"content":{"rendered":"\t\t<div data-elementor-type=\"wp-page\" data-elementor-id=\"831\" class=\"elementor elementor-831 elementor-11\" data-elementor-post-type=\"page\">\n\t\t\t\t<div class=\"elementor-element elementor-element-80d0d87 e-flex e-con-boxed e-con e-parent\" data-id=\"80d0d87\" data-element_type=\"container\" data-e-type=\"container\" data-settings=\"{&quot;background_background&quot;:&quot;classic&quot;}\">\n\t\t\t\t\t<div class=\"e-con-inner\">\n\t\t\t\t<div class=\"elementor-element elementor-element-345a000 elementor-widget__width-initial elementor-widget elementor-widget-heading\" data-id=\"345a000\" data-element_type=\"widget\" data-e-type=\"widget\" data-widget_type=\"heading.default\">\n\t\t\t\t\t<h1 class=\"elementor-heading-title elementor-size-default\">Pr\u00e4zise Schmiede- und Bearbeitungsl\u00f6sungen f\u00fcr ein breites Branchenspektrum<\/h1>\t\t\t\t<\/div>\n\t\t\t\t<div class=\"elementor-element elementor-element-598d2a5 elementor-widget-divider--view-line elementor-widget elementor-widget-divider\" data-id=\"598d2a5\" data-element_type=\"widget\" data-e-type=\"widget\" data-widget_type=\"divider.default\">\n\t\t\t\t\t\t\t<div class=\"elementor-divider\">\n\t\t\t<span class=\"elementor-divider-separator\">\n\t\t\t\t\t\t<\/span>\n\t\t<\/div>\n\t\t\t\t\t\t<\/div>\n\t\t\t\t<div class=\"elementor-element elementor-element-d50791a elementor-widget__width-initial elementor-widget elementor-widget-heading\" data-id=\"d50791a\" data-element_type=\"widget\" data-e-type=\"widget\" data-widget_type=\"heading.default\">\n\t\t\t\t\t<p class=\"elementor-heading-title elementor-size-default\">Schmiedeteile aus Stahl nach Kundenzeichnung im Gewichtsbereich von 100 g bis 200 kg.<\/p>\t\t\t\t<\/div>\n\t\t\t\t<div class=\"elementor-element elementor-element-a917f43 wm-anim-btn elementor-widget elementor-widget-button\" data-id=\"a917f43\" data-element_type=\"widget\" data-e-type=\"widget\" data-widget_type=\"button.default\">\n\t\t\t\t\t\t\t\t\t\t<a class=\"elementor-button elementor-button-link elementor-size-sm\" href=\"https:\/\/rztforge.com\/de\/about\/\">\n\t\t\t\t\t\t<span class=\"elementor-button-content-wrapper\">\n\t\t\t\t\t\t\t\t\t<span class=\"elementor-button-text\">Mehr erfahren<\/span>\n\t\t\t\t\t<\/span>\n\t\t\t\t\t<\/a>\n\t\t\t\t\t\t\t\t<\/div>\n\t\t\t\t\t<\/div>\n\t\t\t\t<\/div>\n\t\t<div class=\"elementor-element elementor-element-e7b5709 e-flex e-con-boxed e-con e-parent\" data-id=\"e7b5709\" data-element_type=\"container\" data-e-type=\"container\">\n\t\t\t\t\t<div class=\"e-con-inner\">\n\t\t<div class=\"elementor-element elementor-element-0f32325 e-con-full e-flex e-con e-child\" data-id=\"0f32325\" data-element_type=\"container\" data-e-type=\"container\">\n\t\t\t\t<div class=\"elementor-element elementor-element-c959885 elementor-widget elementor-widget-heading\" data-id=\"c959885\" data-element_type=\"widget\" data-e-type=\"widget\" data-widget_type=\"heading.default\">\n\t\t\t\t\t<h2 class=\"elementor-heading-title elementor-size-default\">Produkte<\/h2>\t\t\t\t<\/div>\n\t\t\t\t<div class=\"elementor-element elementor-element-77f71d9 elementor-widget-divider--view-line elementor-widget elementor-widget-divider\" data-id=\"77f71d9\" data-element_type=\"widget\" data-e-type=\"widget\" data-widget_type=\"divider.default\">\n\t\t\t\t\t\t\t<div class=\"elementor-divider\">\n\t\t\t<span class=\"elementor-divider-separator\">\n\t\t\t\t\t\t<\/span>\n\t\t<\/div>\n\t\t\t\t\t\t<\/div>\n\t\t\t\t<div class=\"elementor-element elementor-element-d712cb2 elementor-widget elementor-widget-heading\" data-id=\"d712cb2\" data-element_type=\"widget\" data-e-type=\"widget\" data-widget_type=\"heading.default\">\n\t\t\t\t\t<h3 class=\"elementor-heading-title elementor-size-default\">Schmiedeteile<\/h3>\t\t\t\t<\/div>\n\t\t\t\t<div class=\"elementor-element elementor-element-0cf458d elementor-widget elementor-widget-text-editor\" data-id=\"0cf458d\" data-element_type=\"widget\" data-e-type=\"widget\" data-widget_type=\"text-editor.default\">\n\t\t\t\t\t\t\t\t\t<p>Wir bieten hochwertige Gesenkschmiedeteile\u00a0 f\u00fcr h\u00f6chste Pr\u00e4zisionsanspr\u00fcche in verschiedenen Branchen.<\/p>\t\t\t\t\t\t\t\t<\/div>\n\t\t\t\t<div class=\"elementor-element elementor-element-bd3bd72 wm-anim-btn elementor-widget elementor-widget-button\" data-id=\"bd3bd72\" data-element_type=\"widget\" data-e-type=\"widget\" data-widget_type=\"button.default\">\n\t\t\t\t\t\t\t\t\t\t<a class=\"elementor-button elementor-button-link elementor-size-sm\" href=\"https:\/\/rztforge.com\/de\/products\/\">\n\t\t\t\t\t\t<span class=\"elementor-button-content-wrapper\">\n\t\t\t\t\t\t\t\t\t<span class=\"elementor-button-text\">Mehr erfahren<\/span>\n\t\t\t\t\t<\/span>\n\t\t\t\t\t<\/a>\n\t\t\t\t\t\t\t\t<\/div>\n\t\t\t\t<\/div>\n\t\t<div class=\"elementor-element elementor-element-1c383d7 e-con-full e-flex e-con e-child\" data-id=\"1c383d7\" data-element_type=\"container\" data-e-type=\"container\">\n\t\t\t\t<div class=\"elementor-element elementor-element-32ebdd3 elementor-widget elementor-widget-gallery\" data-id=\"32ebdd3\" data-element_type=\"widget\" data-e-type=\"widget\" data-settings=\"{&quot;columns&quot;:3,&quot;gap&quot;:{&quot;unit&quot;:&quot;px&quot;,&quot;size&quot;:20,&quot;sizes&quot;:[]},&quot;aspect_ratio&quot;:&quot;1:1&quot;,&quot;gap_tablet&quot;:{&quot;unit&quot;:&quot;px&quot;,&quot;size&quot;:20,&quot;sizes&quot;:[]},&quot;gap_mobile&quot;:{&quot;unit&quot;:&quot;px&quot;,&quot;size&quot;:15,&quot;sizes&quot;:[]},&quot;lazyload&quot;:&quot;yes&quot;,&quot;gallery_layout&quot;:&quot;grid&quot;,&quot;columns_tablet&quot;:2,&quot;columns_mobile&quot;:1,&quot;link_to&quot;:&quot;file&quot;,&quot;overlay_background&quot;:&quot;yes&quot;,&quot;content_hover_animation&quot;:&quot;fade-in&quot;}\" data-widget_type=\"gallery.default\">\n\t\t\t\t\t\t\t<div class=\"elementor-gallery__container\">\n\t\t\t\t\t\t\t<a class=\"e-gallery-item elementor-gallery-item elementor-animated-content\" href=\"https:\/\/rztforge.com\/wp-content\/uploads\/2025\/04\/DSC_0165.webp\" data-elementor-open-lightbox=\"yes\" data-elementor-lightbox-slideshow=\"32ebdd3\" data-elementor-lightbox-title=\"DSC_0165\" data-e-action-hash=\"#elementor-action%3Aaction%3Dlightbox%26settings%3DeyJpZCI6OTM3LCJ1cmwiOiJodHRwczpcL1wvcnp0Zm9yZ2UuY29tXC93cC1jb250ZW50XC91cGxvYWRzXC8yMDI1XC8wNFwvRFNDXzAxNjUud2VicCIsInNsaWRlc2hvdyI6IjMyZWJkZDMifQ%3D%3D\">\n\t\t\t\t\t<div class=\"e-gallery-image elementor-gallery-item__image\" data-thumbnail=\"https:\/\/rztforge.com\/wp-content\/uploads\/2025\/04\/DSC_0165.webp\" data-width=\"1000\" data-height=\"1000\" aria-label=\"\" role=\"img\" ><\/div>\n\t\t\t\t\t\t\t\t\t\t\t<div class=\"elementor-gallery-item__overlay\"><\/div>\n\t\t\t\t\t\t\t\t\t\t\t\t\t\t<\/a>\n\t\t\t\t\t\t\t<a class=\"e-gallery-item elementor-gallery-item elementor-animated-content\" href=\"https:\/\/rztforge.com\/wp-content\/uploads\/2025\/04\/405-1.webp\" data-elementor-open-lightbox=\"yes\" data-elementor-lightbox-slideshow=\"32ebdd3\" data-elementor-lightbox-title=\"405\" data-e-action-hash=\"#elementor-action%3Aaction%3Dlightbox%26settings%3DeyJpZCI6OTM1LCJ1cmwiOiJodHRwczpcL1wvcnp0Zm9yZ2UuY29tXC93cC1jb250ZW50XC91cGxvYWRzXC8yMDI1XC8wNFwvNDA1LTEud2VicCIsInNsaWRlc2hvdyI6IjMyZWJkZDMifQ%3D%3D\">\n\t\t\t\t\t<div class=\"e-gallery-image elementor-gallery-item__image\" data-thumbnail=\"https:\/\/rztforge.com\/wp-content\/uploads\/2025\/04\/405-1.webp\" data-width=\"476\" data-height=\"476\" aria-label=\"\" role=\"img\" ><\/div>\n\t\t\t\t\t\t\t\t\t\t\t<div class=\"elementor-gallery-item__overlay\"><\/div>\n\t\t\t\t\t\t\t\t\t\t\t\t\t\t<\/a>\n\t\t\t\t\t\t\t<a class=\"e-gallery-item elementor-gallery-item elementor-animated-content\" href=\"https:\/\/rztforge.com\/wp-content\/uploads\/2025\/04\/387-1.webp\" data-elementor-open-lightbox=\"yes\" data-elementor-lightbox-slideshow=\"32ebdd3\" data-elementor-lightbox-title=\"387\" data-e-action-hash=\"#elementor-action%3Aaction%3Dlightbox%26settings%3DeyJpZCI6OTMzLCJ1cmwiOiJodHRwczpcL1wvcnp0Zm9yZ2UuY29tXC93cC1jb250ZW50XC91cGxvYWRzXC8yMDI1XC8wNFwvMzg3LTEud2VicCIsInNsaWRlc2hvdyI6IjMyZWJkZDMifQ%3D%3D\">\n\t\t\t\t\t<div class=\"e-gallery-image elementor-gallery-item__image\" data-thumbnail=\"https:\/\/rztforge.com\/wp-content\/uploads\/2025\/04\/387-1.webp\" data-width=\"400\" data-height=\"400\" aria-label=\"\" role=\"img\" ><\/div>\n\t\t\t\t\t\t\t\t\t\t\t<div class=\"elementor-gallery-item__overlay\"><\/div>\n\t\t\t\t\t\t\t\t\t\t\t\t\t\t<\/a>\n\t\t\t\t\t\t\t<a class=\"e-gallery-item elementor-gallery-item elementor-animated-content\" href=\"https:\/\/rztforge.com\/wp-content\/uploads\/2025\/04\/139-1.webp\" data-elementor-open-lightbox=\"yes\" data-elementor-lightbox-slideshow=\"32ebdd3\" data-elementor-lightbox-title=\"139\" data-e-action-hash=\"#elementor-action%3Aaction%3Dlightbox%26settings%3DeyJpZCI6OTMxLCJ1cmwiOiJodHRwczpcL1wvcnp0Zm9yZ2UuY29tXC93cC1jb250ZW50XC91cGxvYWRzXC8yMDI1XC8wNFwvMTM5LTEud2VicCIsInNsaWRlc2hvdyI6IjMyZWJkZDMifQ%3D%3D\">\n\t\t\t\t\t<div class=\"e-gallery-image elementor-gallery-item__image\" data-thumbnail=\"https:\/\/rztforge.com\/wp-content\/uploads\/2025\/04\/139-1.webp\" data-width=\"400\" data-height=\"400\" aria-label=\"\" role=\"img\" ><\/div>\n\t\t\t\t\t\t\t\t\t\t\t<div class=\"elementor-gallery-item__overlay\"><\/div>\n\t\t\t\t\t\t\t\t\t\t\t\t\t\t<\/a>\n\t\t\t\t\t\t\t<a class=\"e-gallery-item elementor-gallery-item elementor-animated-content\" href=\"https:\/\/rztforge.com\/wp-content\/uploads\/2025\/04\/fus.webp\" data-elementor-open-lightbox=\"yes\" data-elementor-lightbox-slideshow=\"32ebdd3\" data-elementor-lightbox-title=\"fus\" data-e-action-hash=\"#elementor-action%3Aaction%3Dlightbox%26settings%3DeyJpZCI6OTIwLCJ1cmwiOiJodHRwczpcL1wvcnp0Zm9yZ2UuY29tXC93cC1jb250ZW50XC91cGxvYWRzXC8yMDI1XC8wNFwvZnVzLndlYnAiLCJzbGlkZXNob3ciOiIzMmViZGQzIn0%3D\">\n\t\t\t\t\t<div class=\"e-gallery-image elementor-gallery-item__image\" data-thumbnail=\"https:\/\/rztforge.com\/wp-content\/uploads\/2025\/04\/fus.webp\" data-width=\"800\" data-height=\"800\" aria-label=\"\" role=\"img\" ><\/div>\n\t\t\t\t\t\t\t\t\t\t\t<div class=\"elementor-gallery-item__overlay\"><\/div>\n\t\t\t\t\t\t\t\t\t\t\t\t\t\t<\/a>\n\t\t\t\t\t\t\t<a class=\"e-gallery-item elementor-gallery-item elementor-animated-content\" href=\"https:\/\/rztforge.com\/wp-content\/uploads\/2025\/04\/402.webp\" data-elementor-open-lightbox=\"yes\" data-elementor-lightbox-slideshow=\"32ebdd3\" data-elementor-lightbox-title=\"402\" data-e-action-hash=\"#elementor-action%3Aaction%3Dlightbox%26settings%3DeyJpZCI6ODg4LCJ1cmwiOiJodHRwczpcL1wvcnp0Zm9yZ2UuY29tXC93cC1jb250ZW50XC91cGxvYWRzXC8yMDI1XC8wNFwvNDAyLndlYnAiLCJzbGlkZXNob3ciOiIzMmViZGQzIn0%3D\">\n\t\t\t\t\t<div class=\"e-gallery-image elementor-gallery-item__image\" data-thumbnail=\"https:\/\/rztforge.com\/wp-content\/uploads\/2025\/04\/402.webp\" data-width=\"400\" data-height=\"400\" aria-label=\"\" role=\"img\" ><\/div>\n\t\t\t\t\t\t\t\t\t\t\t<div class=\"elementor-gallery-item__overlay\"><\/div>\n\t\t\t\t\t\t\t\t\t\t\t\t\t\t<\/a>\n\t\t\t\t\t<\/div>\n\t\t\t\t\t<\/div>\n\t\t\t\t<\/div>\n\t\t\t\t\t<\/div>\n\t\t\t\t<\/div>\n\t\t<div class=\"elementor-element elementor-element-57261ab e-flex e-con-boxed e-con e-parent\" data-id=\"57261ab\" data-element_type=\"container\" data-e-type=\"container\">\n\t\t\t\t\t<div class=\"e-con-inner\">\n\t\t\t\t<div class=\"elementor-element elementor-element-e4791fb elementor-position-left elementor-vertical-align-middle elementor-widget elementor-widget-image-box\" data-id=\"e4791fb\" data-element_type=\"widget\" data-e-type=\"widget\" data-widget_type=\"image-box.default\">\n\t\t\t\t\t<div class=\"elementor-image-box-wrapper\"><figure class=\"elementor-image-box-img\"><img fetchpriority=\"high\" decoding=\"async\" width=\"512\" height=\"512\" src=\"https:\/\/rztforge.com\/wp-content\/uploads\/2025\/04\/1384060.png\" class=\"attachment-full size-full wp-image-495\" alt=\"\" srcset=\"https:\/\/rztforge.com\/wp-content\/uploads\/2025\/04\/1384060.png 512w, https:\/\/rztforge.com\/wp-content\/uploads\/2025\/04\/1384060-300x300.png 300w, https:\/\/rztforge.com\/wp-content\/uploads\/2025\/04\/1384060-150x150.png 150w\" sizes=\"(max-width: 512px) 100vw, 512px\" \/><\/figure><div class=\"elementor-image-box-content\"><h5 class=\"elementor-image-box-title\">Video \u00fcber unseren Standort in der Ukraine<\/h5><p class=\"elementor-image-box-description\">Ein Video \u00fcber unseren Standort in Ungarn ist in Bearbeitung und wird in K\u00fcrze hier f\u00fcr Sie ver\u00f6ffentlicht!<\/p><\/div><\/div>\t\t\t\t<\/div>\n\t\t<div class=\"elementor-element elementor-element-a05be5a e-con-full e-flex e-con e-child\" data-id=\"a05be5a\" data-element_type=\"container\" data-e-type=\"container\" data-settings=\"{&quot;background_background&quot;:&quot;classic&quot;}\">\n\t\t\t\t<div class=\"elementor-element elementor-element-c55960c elementor-widget elementor-widget-video\" data-id=\"c55960c\" data-element_type=\"widget\" data-e-type=\"widget\" data-settings=\"{&quot;youtube_url&quot;:&quot;https:\\\/\\\/youtu.be\\\/8TPga9T_J4c&quot;,&quot;lazy_load&quot;:&quot;yes&quot;,&quot;show_image_overlay&quot;:&quot;yes&quot;,&quot;image_overlay&quot;:{&quot;url&quot;:&quot;https:\\\/\\\/rztforge.com\\\/wp-content\\\/uploads\\\/2025\\\/04\\\/pic-01.webp&quot;,&quot;id&quot;:1003,&quot;size&quot;:&quot;&quot;,&quot;alt&quot;:&quot;&quot;,&quot;source&quot;:&quot;library&quot;},&quot;video_type&quot;:&quot;youtube&quot;,&quot;controls&quot;:&quot;yes&quot;}\" data-widget_type=\"video.default\">\n\t\t\t\t\t\t\t<div class=\"elementor-wrapper elementor-open-inline\">\n\t\t\t<div class=\"elementor-video\"><\/div>\t\t\t\t<div class=\"elementor-custom-embed-image-overlay\" style=\"background-image: url(https:\/\/rztforge.com\/wp-content\/uploads\/2025\/04\/pic-01.webp);\">\n\t\t\t\t\t\t\t\t\t\t\t\t\t\t\t\t<div class=\"elementor-custom-embed-play\" role=\"button\" aria-label=\"Video abspielen\" tabindex=\"0\">\n\t\t\t\t\t\t\t<svg aria-hidden=\"true\" class=\"e-font-icon-svg e-eicon-play\" viewBox=\"0 0 1000 1000\" xmlns=\"http:\/\/www.w3.org\/2000\/svg\"><path d=\"M838 162C746 71 633 25 500 25 371 25 258 71 163 162 71 254 25 367 25 500 25 633 71 746 163 837 254 929 367 979 500 979 633 979 746 933 838 837 929 746 975 633 975 500 975 367 929 254 838 162M808 192C892 279 933 379 933 500 933 621 892 725 808 808 725 892 621 938 500 938 379 938 279 896 196 808 113 725 67 621 67 500 67 379 108 279 196 192 279 108 383 62 500 62 621 62 721 108 808 192M438 392V642L642 517 438 392Z\"><\/path><\/svg>\t\t\t\t\t\t<\/div>\n\t\t\t\t\t\t\t\t\t<\/div>\n\t\t\t\t\t<\/div>\n\t\t\t\t\t\t<\/div>\n\t\t\t\t<\/div>\n\t\t\t\t\t<\/div>\n\t\t\t\t<\/div>\n\t\t<div class=\"elementor-element elementor-element-cf66300 e-flex e-con-boxed e-con e-parent\" data-id=\"cf66300\" data-element_type=\"container\" data-e-type=\"container\">\n\t\t\t\t\t<div class=\"e-con-inner\">\n\t\t<div class=\"elementor-element elementor-element-9e1c48c e-con-full e-flex e-con e-child\" data-id=\"9e1c48c\" data-element_type=\"container\" data-e-type=\"container\">\n\t\t\t\t<div class=\"elementor-element elementor-element-d419950 elementor-widget elementor-widget-heading\" data-id=\"d419950\" data-element_type=\"widget\" data-e-type=\"widget\" data-widget_type=\"heading.default\">\n\t\t\t\t\t<h2 class=\"elementor-heading-title elementor-size-default\">Unsere Geschichte<\/h2>\t\t\t\t<\/div>\n\t\t\t\t<div class=\"elementor-element elementor-element-778d487 elementor-widget-divider--view-line elementor-widget elementor-widget-divider\" data-id=\"778d487\" data-element_type=\"widget\" data-e-type=\"widget\" data-widget_type=\"divider.default\">\n\t\t\t\t\t\t\t<div class=\"elementor-divider\">\n\t\t\t<span class=\"elementor-divider-separator\">\n\t\t\t\t\t\t<\/span>\n\t\t<\/div>\n\t\t\t\t\t\t<\/div>\n\t\t\t\t<div class=\"elementor-element elementor-element-b8fbc5e wm-anim-btn elementor-widget elementor-widget-button\" data-id=\"b8fbc5e\" data-element_type=\"widget\" data-e-type=\"widget\" data-widget_type=\"button.default\">\n\t\t\t\t\t\t\t\t\t\t<a class=\"elementor-button elementor-button-link elementor-size-sm\" href=\"https:\/\/rztforge.com\/de\/about\/\">\n\t\t\t\t\t\t<span class=\"elementor-button-content-wrapper\">\n\t\t\t\t\t\t\t\t\t<span class=\"elementor-button-text\">Mehr erfahren<\/span>\n\t\t\t\t\t<\/span>\n\t\t\t\t\t<\/a>\n\t\t\t\t\t\t\t\t<\/div>\n\t\t\t\t<div class=\"elementor-element elementor-element-c9c803a elementor-widget elementor-widget-text-editor\" data-id=\"c9c803a\" data-element_type=\"widget\" data-e-type=\"widget\" data-widget_type=\"text-editor.default\">\n\t\t\t\t\t\t\t\t\t<p>RZT Kov\u00e1csol\u00f3 \u00e9s Kereskedelmi Kft ist ein ungarisches Unternehmen, das sich auf Gesenkschmieden und mechanische Bearbeitung spezialisiert hat. Es baut auf seiner DIG\u00c9P-Tradition, ukrainischer Herkunft im Maschinenbau sowie langj\u00e4hriger Erfahrung und moderner Technologie auf, um Kunden in der gesamten Europ\u00e4ischen Union zu bedienen.<\/p>\t\t\t\t\t\t\t\t<\/div>\n\t\t\t\t<\/div>\n\t\t<div class=\"elementor-element elementor-element-f78652a e-con-full e-flex e-con e-child\" data-id=\"f78652a\" data-element_type=\"container\" data-e-type=\"container\" data-settings=\"{&quot;background_background&quot;:&quot;classic&quot;}\">\n\t\t\t\t<div class=\"elementor-element elementor-element-336182a elementor-widget elementor-widget-image\" data-id=\"336182a\" data-element_type=\"widget\" data-e-type=\"widget\" data-widget_type=\"image.default\">\n\t\t\t\t\t\t\t\t\t\t\t\t\t\t\t<img decoding=\"async\" width=\"670\" height=\"326\" src=\"https:\/\/rztforge.com\/wp-content\/uploads\/2025\/03\/our-story.webp\" class=\"attachment-full size-full wp-image-639\" alt=\"\" srcset=\"https:\/\/rztforge.com\/wp-content\/uploads\/2025\/03\/our-story.webp 670w, https:\/\/rztforge.com\/wp-content\/uploads\/2025\/03\/our-story-300x146.webp 300w\" sizes=\"(max-width: 670px) 100vw, 670px\" \/>\t\t\t\t\t\t\t\t\t\t\t\t\t\t\t<\/div>\n\t\t\t\t<\/div>\n\t\t\t\t\t<\/div>\n\t\t\t\t<\/div>\n\t\t<div class=\"elementor-element elementor-element-95e8e3d e-flex e-con-boxed e-con e-parent\" data-id=\"95e8e3d\" data-element_type=\"container\" data-e-type=\"container\" data-settings=\"{&quot;background_background&quot;:&quot;classic&quot;}\">\n\t\t\t\t\t<div class=\"e-con-inner\">\n\t\t<div class=\"elementor-element elementor-element-ca71667 e-con-full e-flex e-con e-child\" data-id=\"ca71667\" data-element_type=\"container\" data-e-type=\"container\">\n\t\t\t\t<div class=\"elementor-element elementor-element-77df525 elementor-widget elementor-widget-heading\" data-id=\"77df525\" data-element_type=\"widget\" data-e-type=\"widget\" data-widget_type=\"heading.default\">\n\t\t\t\t\t<h2 class=\"elementor-heading-title elementor-size-default\">Unsere Kapazit\u00e4ten<\/h2>\t\t\t\t<\/div>\n\t\t\t\t<div class=\"elementor-element elementor-element-0c288f6 elementor-widget-divider--view-line elementor-widget elementor-widget-divider\" data-id=\"0c288f6\" data-element_type=\"widget\" data-e-type=\"widget\" data-widget_type=\"divider.default\">\n\t\t\t\t\t\t\t<div class=\"elementor-divider\">\n\t\t\t<span class=\"elementor-divider-separator\">\n\t\t\t\t\t\t<\/span>\n\t\t<\/div>\n\t\t\t\t\t\t<\/div>\n\t\t\t\t<div class=\"elementor-element elementor-element-41471e7 elementor-widget__width-initial elementor-widget elementor-widget-text-editor\" data-id=\"41471e7\" data-element_type=\"widget\" data-e-type=\"widget\" data-widget_type=\"text-editor.default\">\n\t\t\t\t\t\t\t\t\t<p>Unsere Schmiedehalle wurde f\u00fcr die unterschiedlichsten Kundenbed\u00fcrfnisse aufgebaut. Aktuell ist sie mit folgenden Pressenlinien bzw. Kapazit\u00e4ten ausgestattet:<\/p>\t\t\t\t\t\t\t\t<\/div>\n\t\t<div class=\"elementor-element elementor-element-2ef02d6 e-con-full e-flex e-con e-child\" data-id=\"2ef02d6\" data-element_type=\"container\" data-e-type=\"container\">\n\t\t\t\t<div class=\"elementor-element elementor-element-230e11b white-small-suffix elementor-widget elementor-widget-counter\" data-id=\"230e11b\" data-element_type=\"widget\" data-e-type=\"widget\" data-widget_type=\"counter.default\">\n\t\t\t\t\t\t\t<div class=\"elementor-counter\">\n\t\t\t\t\t\t<div class=\"elementor-counter-number-wrapper\">\n\t\t\t\t<span class=\"elementor-counter-number-prefix\"><\/span>\n\t\t\t\t<span class=\"elementor-counter-number\" data-duration=\"2000\" data-to-value=\"21000\" data-from-value=\"0\" data-delimiter=\" \">0<\/span>\n\t\t\t\t<span class=\"elementor-counter-number-suffix\">kJ<\/span>\n\t\t\t<\/div>\n\t\t<\/div>\n\t\t\t\t\t\t<\/div>\n\t\t\t\t<div class=\"elementor-element elementor-element-febab69 white-small-suffix elementor-widget elementor-widget-counter\" data-id=\"febab69\" data-element_type=\"widget\" data-e-type=\"widget\" data-widget_type=\"counter.default\">\n\t\t\t\t\t\t\t<div class=\"elementor-counter\">\n\t\t\t\t\t\t<div class=\"elementor-counter-number-wrapper\">\n\t\t\t\t<span class=\"elementor-counter-number-prefix\">2 x<\/span>\n\t\t\t\t<span class=\"elementor-counter-number\" data-duration=\"2000\" data-to-value=\"33600\" data-from-value=\"0\" data-delimiter=\" \">0<\/span>\n\t\t\t\t<span class=\"elementor-counter-number-suffix\">kJ<\/span>\n\t\t\t<\/div>\n\t\t<\/div>\n\t\t\t\t\t\t<\/div>\n\t\t\t\t<div class=\"elementor-element elementor-element-5845c67 white-small-suffix elementor-widget elementor-widget-counter\" data-id=\"5845c67\" data-element_type=\"widget\" data-e-type=\"widget\" data-widget_type=\"counter.default\">\n\t\t\t\t\t\t\t<div class=\"elementor-counter\">\n\t\t\t\t\t\t<div class=\"elementor-counter-number-wrapper\">\n\t\t\t\t<span class=\"elementor-counter-number-prefix\"><\/span>\n\t\t\t\t<span class=\"elementor-counter-number\" data-duration=\"2000\" data-to-value=\"52500\" data-from-value=\"0\" data-delimiter=\" \">0<\/span>\n\t\t\t\t<span class=\"elementor-counter-number-suffix\">kJ<\/span>\n\t\t\t<\/div>\n\t\t<\/div>\n\t\t\t\t\t\t<\/div>\n\t\t\t\t<div class=\"elementor-element elementor-element-57dd753 white-small-suffix elementor-widget elementor-widget-counter\" data-id=\"57dd753\" data-element_type=\"widget\" data-e-type=\"widget\" data-widget_type=\"counter.default\">\n\t\t\t\t\t\t\t<div class=\"elementor-counter\">\n\t\t\t\t\t\t<div class=\"elementor-counter-number-wrapper\">\n\t\t\t\t<span class=\"elementor-counter-number-prefix\"><\/span>\n\t\t\t\t<span class=\"elementor-counter-number\" data-duration=\"2000\" data-to-value=\"126000\" data-from-value=\"0\" data-delimiter=\" \">0<\/span>\n\t\t\t\t<span class=\"elementor-counter-number-suffix\">kJ<\/span>\n\t\t\t<\/div>\n\t\t<\/div>\n\t\t\t\t\t\t<\/div>\n\t\t\t\t<div class=\"elementor-element elementor-element-71b601c white-small-suffix elementor-widget elementor-widget-counter\" data-id=\"71b601c\" data-element_type=\"widget\" data-e-type=\"widget\" data-widget_type=\"counter.default\">\n\t\t\t\t\t\t\t<div class=\"elementor-counter\">\n\t\t\t\t\t\t<div class=\"elementor-counter-number-wrapper\">\n\t\t\t\t<span class=\"elementor-counter-number-prefix\"><\/span>\n\t\t\t\t<span class=\"elementor-counter-number\" data-duration=\"2000\" data-to-value=\"378000\" data-from-value=\"0\" data-delimiter=\" \">0<\/span>\n\t\t\t\t<span class=\"elementor-counter-number-suffix\">kJ<\/span>\n\t\t\t<\/div>\n\t\t<\/div>\n\t\t\t\t\t\t<\/div>\n\t\t\t\t<\/div>\n\t\t\t\t<\/div>\n\t\t\t\t\t<\/div>\n\t\t\t\t<\/div>\n\t\t\t\t<\/div>\n\t\t","protected":false},"excerpt":{"rendered":"<p>Pr\u00e4zise Schmiede- und Bearbeitungsl\u00f6sungen f\u00fcr ein breites Branchenspektrum Schmiedeteile aus Stahl nach Kundenzeichnung im Gewichtsbereich von 100 g bis 200 kg. Mehr erfahren Produkte Schmiedeteile Wir bieten hochwertige Gesenkschmiedeteile\u00a0 f\u00fcr h\u00f6chste Pr\u00e4zisionsanspr\u00fcche in verschiedenen Branchen. Mehr erfahren Video \u00fcber unseren Standort in der Ukraine Ein Video \u00fcber unseren Standort in Ungarn ist in Bearbeitung und [&hellip;]<\/p>\n","protected":false},"author":1,"featured_media":0,"parent":0,"menu_order":0,"comment_status":"closed","ping_status":"closed","template":"","meta":{"footnotes":""},"class_list":["post-831","page","type-page","status-publish","hentry"],"_links":{"self":[{"href":"https:\/\/rztforge.com\/de\/wp-json\/wp\/v2\/pages\/831","targetHints":{"allow":["GET"]}}],"collection":[{"href":"https:\/\/rztforge.com\/de\/wp-json\/wp\/v2\/pages"}],"about":[{"href":"https:\/\/rztforge.com\/de\/wp-json\/wp\/v2\/types\/page"}],"author":[{"embeddable":true,"href":"https:\/\/rztforge.com\/de\/wp-json\/wp\/v2\/users\/1"}],"replies":[{"embeddable":true,"href":"https:\/\/rztforge.com\/de\/wp-json\/wp\/v2\/comments?post=831"}],"version-history":[{"count":37,"href":"https:\/\/rztforge.com\/de\/wp-json\/wp\/v2\/pages\/831\/revisions"}],"predecessor-version":[{"id":1244,"href":"https:\/\/rztforge.com\/de\/wp-json\/wp\/v2\/pages\/831\/revisions\/1244"}],"wp:attachment":[{"href":"https:\/\/rztforge.com\/de\/wp-json\/wp\/v2\/media?parent=831"}],"curies":[{"name":"wp","href":"https:\/\/api.w.org\/{rel}","templated":true}]}}